{"id":2565,"date":"2020-10-30T13:27:42","date_gmt":"2020-10-30T13:27:42","guid":{"rendered":"https:\/\/horisberger.blog\/?page_id=2565"},"modified":"2020-10-30T13:27:43","modified_gmt":"2020-10-30T13:27:43","slug":"%d0%b4%d0%b5%d1%88%d0%b5%d0%b2%d1%8b%d0%b5-%d0%b0%d0%b2%d0%b8%d0%b0%d0%bb%d0%b8%d0%bd%d0%b8%d0%b8-%d0%bf%d0%be-%d0%b2%d1%81%d0%b5%d0%bc%d1%83-%d0%bc%d0%b8%d1%80%d1%83-2","status":"publish","type":"page","link":"https:\/\/horisberger.blog\/?page_id=2565","title":{"rendered":"\u0414\u0435\u0448\u0435\u0432\u044b\u0435 \u0430\u0432\u0438\u0430\u043b\u0438\u043d\u0438\u0438 \u043f\u043e \u0432\u0441\u0435\u043c\u0443 \u043c\u0438\u0440\u0443"},"content":{"rendered":"\t\t<div data-elementor-type=\"wp-page\" data-elementor-id=\"2565\" class=\"elementor elementor-2565\" data-elementor-post-type=\"page\">\n\t\t\t\t\t\t<section class=\"elementor-section elementor-top-section elementor-element elementor-element-ef3496d elementor-section-boxed elementor-section-height-default elementor-section-height-default\" data-id=\"ef3496d\" data-element_type=\"section\" data-e-type=\"section\">\n\t\t\t\t\t\t<div class=\"elementor-container elementor-column-gap-default\">\n\t\t\t\t\t<div class=\"elementor-column elementor-col-100 elementor-top-column elementor-element elementor-element-c0067d3\" data-id=\"c0067d3\" data-element_type=\"column\" data-e-type=\"column\">\n\t\t\t<div class=\"elementor-widget-wrap elementor-element-populated\">\n\t\t\t\t\t\t<div class=\"elementor-element elementor-element-680b6e8 elementor-widget elementor-widget-wp-widget-custom_html\" data-id=\"680b6e8\" data-element_type=\"widget\" data-e-type=\"widget\" data-widget_type=\"wp-widget-custom_html.default\">\n\t\t\t\t<div class=\"elementor-widget-container\">\n\t\t\t\t\t<div class=\"textwidget custom-html-widget\">Nachfolgend eine Liste der gr\u00f6ssten Budget Airlines der Welt:\r\n<\/p>\r\n\r\n<div class=\"one-third\"><p><strong>Europa<\/strong><\/p><ul class=\"margin\">\r\n<li><a href=\"https:\/\/www.pobeda.aero\/\" target=\"_blank\" rel=\"noopener noreferrer\">Pobeda<\/a><\/li>\r\n<li><a href=\"https:\/\/www.vueling.com\/\" target=\"_blank\" rel=\"noopener noreferrer\">Vueling<\/a><\/li><li><a target=\"_blank\" rel=\"noopener noreferrer\">Ryanair<\/a><\/li><li><a href=\"https:\/\/www.easyjet.com\/en\/\" target=\"_blank\" rel=\"noopener noreferrer\">Easyjet<\/a><\/li><li><a href=\"https:\/\/www.eurowings.com\/en.html\" target=\"_blank\" rel=\"noopener noreferrer\">Eurowings<\/a><\/li><li><a href=\"https:\/\/www.norwegian.com\/\" target=\"_blank\" rel=\"noopener noreferrer\">Norwegian Air<\/a><\/li><li><a href=\"https:\/\/wizzair.com\/\" target=\"_blank\" rel=\"noopener noreferrer\">Wizz Air<\/a><\/li><\/ul>\r\n\r\n\r\n\r\n<div class=\"one-third first\"><p><strong>USA \/ Kanada<\/strong><\/p><ul class=\"margin\"><li><a href=\"https:\/\/flyflair.com\/\" target=\"_blank\" rel=\"noopener noreferrer\">Flair Airlines<\/a><\/li><li><a href=\"https:\/\/flyswoop.com\/\" target=\"_blank\" rel=\"noopener noreferrer\">Swoop<\/a><\/li><li><a href=\"https:\/\/flyrouge.com\/ca\/en\/index.html\" target=\"_blank\" rel=\"noopener noreferrer\">Air Canada Rouge<\/a><\/li><li><a href=\"https:\/\/www.flyporter.com\/Flight?culture=en-CA\" target=\"_blank\" rel=\"noopener noreferrer\">Porter<\/a><\/li><li><a href=\"http:\/\/www.airtransat.ca\/en\/Home.aspx\" target=\"_blank\" rel=\"noopener noreferrer\">Air Transat<\/a><\/li><li><a href=\"https:\/\/www.sunwing.ca\/\" target=\"_blank\" rel=\"noopener noreferrer\">Sunwing<\/a><\/li><li><a href=\"https:\/\/www.westjet.com\/\" target=\"_blank\" rel=\"noopener noreferrer\">WestJet<\/a><\/li>\r\n<li><a href=\"https:\/\/www.southwest.com\/\" target=\"_blank\" rel=\"noopener noreferrer\">Southwest<\/a><\/li><li><a href=\"https:\/\/www.allegiantair.com\/\" target=\"_blank\" rel=\"noopener noreferrer\">Allegiant Air<\/a><\/li><li><a href=\"https:\/\/www.flyfrontier.com\/\" target=\"_blank\" rel=\"noopener noreferrer\">Frontier<\/a><\/li><li><a href=\"http:\/\/www.spirit.com\/Default.aspx\" target=\"_blank\" rel=\"noopener noreferrer\">Spirit Airlines<\/a><\/li><li><a href=\"https:\/\/www.suncountry.com\/\" target=\"_blank\" rel=\"noopener noreferrer\">Sun Country Airlines<\/a><\/li><li><a href=\"https:\/\/www.jetblue.com\/\" target=\"_blank\" rel=\"noopener noreferrer\">JetBlue<\/a><\/li><\/ul><\/div>\r\n\r\n\r\n<div class=\"one-third\"><p><strong>Asien<\/strong><\/p><ul class=\"margin\"><li><a href=\"https:\/\/www.airasia.com\/en\" target=\"_blank\" rel=\"noopener noreferrer\">Air Asia<\/a><\/li><li><a href=\"http:\/\/www.jejuair.net\/jejuair\/main.jsp\" target=\"_blank\" rel=\"noopener noreferrer\">Jeju Air<\/a><\/li><li><a href=\"https:\/\/www.jetstar.com\/au\/en\/home\" target=\"_blank\" rel=\"noopener noreferrer\">JetStar<\/a><\/li><li><a href=\"https:\/\/www.hkexpress.com\/en-HK\" target=\"_blank\" rel=\"noopener noreferrer\">Hong Kong Express<\/a><\/li><li><a href=\"http:\/\/www.flyscoot.com\/index.php\/en\/\" target=\"_blank\" rel=\"noopener noreferrer\">Scoot<\/a><\/li><li><a href=\"https:\/\/www.flypeach.com\/home.aspx\" target=\"_blank\" rel=\"noopener noreferrer\">Peach Air<\/a><\/li><li><a href=\"https:\/\/www.spicejet.com\/\" target=\"_blank\" rel=\"noopener noreferrer\">Spice Jet<\/a><\/li><li><a href=\"https:\/\/en.ch.com\/\" target=\"_blank\" rel=\"noopener noreferrer\">Spring Airlines<\/a><\/li><li><a href=\"http:\/\/www.nokair.com\/nokconnext\/aspx\/Index.aspx\" target=\"_blank\" rel=\"noopener noreferrer\">Nok Air<\/a><\/li><li><a href=\"http:\/\/www.twayairlines.com\/\" target=\"_blank\" rel=\"noopener noreferrer\">T&#8217;Way Airlines<\/a><\/li><li><a href=\"http:\/\/www.flypeach.com\/en\/\" target=\"_blank\" rel=\"noopener noreferrer\">Peach<\/a><\/li><li><a href=\"http:\/\/www.cebupacificair.com\/\" target=\"_blank\" rel=\"noopener noreferrer\">Cebu Pacific<\/a><\/li><li><a href=\"http:\/\/www.lionair.co.id\/\" target=\"_blank\" rel=\"noopener noreferrer\">Lion Air<\/a><\/li><li><a href=\"http:\/\/www.vietjetair.com\/\" target=\"_blank\" rel=\"noopener noreferrer\">VietJet Air<\/a><\/li><\/ul><\/div>\r\n\r\n\r\n\r\n\r\n\r\n\r\n<p><strong>Australien \/ Neuseeland<\/strong><\/p><ul class=\"margin\"><li><a href=\"https:\/\/www.jetstar.com\/au\/en\/home\" target=\"_blank\" rel=\"noopener noreferrer\">JetStar<\/a><\/li><li><a href=\"http:\/\/www.tigerair.com\/au\/en\/index.php\" target=\"_blank\" rel=\"noopener noreferrer\">Tiger Air -&gt; wegen COVID-19 nicht mehr operationell<\/a><\/li><\/ul><br>\r\n<p><em style=\"width: 100%\"><strong>Tipp 1:<\/strong> Wenn Du nicht weisst, welche Airlines von welchem Flughafen fliegen, besuche die Website des Abflughafens und schau welche Airlines von dort abfliegen.<\/em><\/p><br><strong>Tipp 2:<\/strong> Achten Sie auf \"versteckte\" Geb\u00fchren. Damit verdienen die Airlines ihr Geld! <br>Fluggesellschaften berechnen oft Geb\u00fchren f\u00fcr Gep\u00e4ck\/Handgep\u00e4ck, Carry-ons, Drucken der Bordkarte. Achte darauf, die Kosten des Tickets UND der Geb\u00fchren zu addieren, um sicherzustellen, dass der Preis niedriger als es bei einem gr\u00f6sseren Anbieter ist.<br><br> <\/div>\t\t\t\t<\/div>\n\t\t\t\t<\/div>\n\t\t\t\t\t<\/div>\n\t\t<\/div>\n\t\t\t\t\t<\/div>\n\t\t<\/section>\n\t\t\t\t<\/div>\n\t\t","protected":false},"excerpt":{"rendered":"","protected":false},"author":1,"featured_media":0,"parent":0,"menu_order":0,"comment_status":"closed","ping_status":"closed","template":"","meta":{"footnotes":""},"class_list":["post-2565","page","type-page","status-publish","hentry"],"_links":{"self":[{"href":"https:\/\/horisberger.blog\/index.php?rest_route=\/wp\/v2\/pages\/2565","targetHints":{"allow":["GET"]}}],"collection":[{"href":"https:\/\/horisberger.blog\/index.php?rest_route=\/wp\/v2\/pages"}],"about":[{"href":"https:\/\/horisberger.blog\/index.php?rest_route=\/wp\/v2\/types\/page"}],"author":[{"embeddable":true,"href":"https:\/\/horisberger.blog\/index.php?rest_route=\/wp\/v2\/users\/1"}],"replies":[{"embeddable":true,"href":"https:\/\/horisberger.blog\/index.php?rest_route=%2Fwp%2Fv2%2Fcomments&post=2565"}],"version-history":[{"count":1,"href":"https:\/\/horisberger.blog\/index.php?rest_route=\/wp\/v2\/pages\/2565\/revisions"}],"predecessor-version":[{"id":2571,"href":"https:\/\/horisberger.blog\/index.php?rest_route=\/wp\/v2\/pages\/2565\/revisions\/2571"}],"wp:attachment":[{"href":"https:\/\/horisberger.blog\/index.php?rest_route=%2Fwp%2Fv2%2Fmedia&parent=2565"}],"curies":[{"name":"wp","href":"https:\/\/api.w.org\/{rel}","templated":true}]}}