{"id":2528,"date":"2020-10-30T09:38:36","date_gmt":"2020-10-30T09:38:36","guid":{"rendered":"https:\/\/horisberger.blog\/?page_id=2528"},"modified":"2020-10-30T13:37:27","modified_gmt":"2020-10-30T13:37:27","slug":"billigfluglinien-weltweit","status":"publish","type":"page","link":"https:\/\/horisberger.blog\/?page_id=2528","title":{"rendered":"Billigfluglinien weltweit"},"content":{"rendered":"\t\t<div data-elementor-type=\"wp-page\" data-elementor-id=\"2528\" class=\"elementor elementor-2528\" data-elementor-post-type=\"page\">\n\t\t\t\t\t\t<section class=\"elementor-section elementor-top-section elementor-element elementor-element-ef3496d elementor-section-boxed elementor-section-height-default elementor-section-height-default\" data-id=\"ef3496d\" data-element_type=\"section\" data-e-type=\"section\">\n\t\t\t\t\t\t<div class=\"elementor-container elementor-column-gap-default\">\n\t\t\t\t\t<div class=\"elementor-column elementor-col-100 elementor-top-column elementor-element elementor-element-c0067d3\" data-id=\"c0067d3\" data-element_type=\"column\" data-e-type=\"column\">\n\t\t\t<div class=\"elementor-widget-wrap elementor-element-populated\">\n\t\t\t\t\t\t<div class=\"elementor-element elementor-element-680b6e8 elementor-widget elementor-widget-wp-widget-custom_html\" data-id=\"680b6e8\" data-element_type=\"widget\" data-e-type=\"widget\" data-widget_type=\"wp-widget-custom_html.default\">\n\t\t\t\t<div class=\"elementor-widget-container\">\n\t\t\t\t\t<div class=\"textwidget custom-html-widget\">\r\n<\/p>\r\n\r\n<div class=\"one-third\"><p><strong>Europa - \u0415\u0432\u0440\u043e\u043f\u0430<\/strong><\/p><ul class=\"margin\">\r\n<li><a href=\"https:\/\/www.pobeda.aero\/\" target=\"_blank\" rel=\"noopener noreferrer\">Pobeda<\/a><\/li>\r\n<li><a href=\"https:\/\/www.vueling.com\/\" target=\"_blank\" rel=\"noopener noreferrer\">Vueling<\/a><\/li><li><a target=\"_blank\" rel=\"noopener noreferrer\">Ryanair<\/a><\/li><li><a href=\"https:\/\/www.easyjet.com\/en\/\" target=\"_blank\" rel=\"noopener noreferrer\">Easyjet<\/a><\/li><li><a href=\"https:\/\/www.eurowings.com\/en.html\" target=\"_blank\" rel=\"noopener noreferrer\">Eurowings<\/a><\/li><li><a href=\"https:\/\/www.norwegian.com\/\" target=\"_blank\" rel=\"noopener noreferrer\">Norwegian Air<\/a><\/li><li><a href=\"https:\/\/wizzair.com\/\" target=\"_blank\" rel=\"noopener noreferrer\">Wizz Air<\/a><\/li><\/ul>\r\n\r\n\r\n\r\n<div class=\"one-third first\"><p><strong>USA\/Kanada - \u0421\u0428\u0410\/\u041a\u0430\u043d\u0430\u0434\u0430<\/strong><\/p><ul class=\"margin\"><li><a href=\"https:\/\/flyflair.com\/\" target=\"_blank\" rel=\"noopener noreferrer\">Flair Airlines<\/a><\/li><li><a href=\"https:\/\/flyswoop.com\/\" target=\"_blank\" rel=\"noopener noreferrer\">Swoop<\/a><\/li><li><a href=\"https:\/\/flyrouge.com\/ca\/en\/index.html\" target=\"_blank\" rel=\"noopener noreferrer\">Air Canada Rouge<\/a><\/li><li><a href=\"https:\/\/www.flyporter.com\/Flight?culture=en-CA\" target=\"_blank\" rel=\"noopener noreferrer\">Porter<\/a><\/li><li><a href=\"http:\/\/www.airtransat.ca\/en\/Home.aspx\" target=\"_blank\" rel=\"noopener noreferrer\">Air Transat<\/a><\/li><li><a href=\"https:\/\/www.sunwing.ca\/\" target=\"_blank\" rel=\"noopener noreferrer\">Sunwing<\/a><\/li><li><a href=\"https:\/\/www.westjet.com\/\" target=\"_blank\" rel=\"noopener noreferrer\">WestJet<\/a><\/li>\r\n<li><a href=\"https:\/\/www.southwest.com\/\" target=\"_blank\" rel=\"noopener noreferrer\">Southwest<\/a><\/li><li><a href=\"https:\/\/www.allegiantair.com\/\" target=\"_blank\" rel=\"noopener noreferrer\">Allegiant Air<\/a><\/li><li><a href=\"https:\/\/www.flyfrontier.com\/\" target=\"_blank\" rel=\"noopener noreferrer\">Frontier<\/a><\/li><li><a href=\"http:\/\/www.spirit.com\/Default.aspx\" target=\"_blank\" rel=\"noopener noreferrer\">Spirit Airlines<\/a><\/li><li><a href=\"https:\/\/www.suncountry.com\/\" target=\"_blank\" rel=\"noopener noreferrer\">Sun Country Airlines<\/a><\/li><li><a href=\"https:\/\/www.jetblue.com\/\" target=\"_blank\" rel=\"noopener noreferrer\">JetBlue<\/a><\/li><\/ul><\/div>\r\n\r\n\r\n<div class=\"one-third\"><p><strong>Asien - \u0410\u0437\u0438\u044f<\/strong><\/p><ul class=\"margin\"><li><a href=\"https:\/\/www.airasia.com\/en\" target=\"_blank\" rel=\"noopener noreferrer\">Air Asia<\/a><\/li><li><a href=\"http:\/\/www.jejuair.net\/jejuair\/main.jsp\" target=\"_blank\" rel=\"noopener noreferrer\">Jeju Air<\/a><\/li><li><a href=\"https:\/\/www.jetstar.com\/au\/en\/home\" target=\"_blank\" rel=\"noopener noreferrer\">JetStar<\/a><\/li><li><a href=\"https:\/\/www.hkexpress.com\/en-HK\" target=\"_blank\" rel=\"noopener noreferrer\">Hong Kong Express<\/a><\/li><li><a href=\"http:\/\/www.flyscoot.com\/index.php\/en\/\" target=\"_blank\" rel=\"noopener noreferrer\">Scoot<\/a><\/li><li><a href=\"https:\/\/www.flypeach.com\/home.aspx\" target=\"_blank\" rel=\"noopener noreferrer\">Peach Air<\/a><\/li><li><a href=\"https:\/\/www.spicejet.com\/\" target=\"_blank\" rel=\"noopener noreferrer\">Spice Jet<\/a><\/li><li><a href=\"https:\/\/en.ch.com\/\" target=\"_blank\" rel=\"noopener noreferrer\">Spring Airlines<\/a><\/li><li><a href=\"http:\/\/www.nokair.com\/nokconnext\/aspx\/Index.aspx\" target=\"_blank\" rel=\"noopener noreferrer\">Nok Air<\/a><\/li><li><a href=\"http:\/\/www.twayairlines.com\/\" target=\"_blank\" rel=\"noopener noreferrer\">T&#8217;Way Airlines<\/a><\/li><li><a href=\"http:\/\/www.flypeach.com\/en\/\" target=\"_blank\" rel=\"noopener noreferrer\">Peach<\/a><\/li><li><a href=\"http:\/\/www.cebupacificair.com\/\" target=\"_blank\" rel=\"noopener noreferrer\">Cebu Pacific<\/a><\/li><li><a href=\"http:\/\/www.lionair.co.id\/\" target=\"_blank\" rel=\"noopener noreferrer\">Lion Air<\/a><\/li><li><a href=\"http:\/\/www.vietjetair.com\/\" target=\"_blank\" rel=\"noopener noreferrer\">VietJet Air<\/a><\/li><\/ul><\/div>\r\n\r\n\r\n\r\n\r\n\r\n\r\n<p><strong>Australien\/Neuseeland - \u0410\u0432\u0441\u0442\u0440\u0430\u043b\u0438\u044f\/\u041d\u043e\u0432\u0430\u044f \u0417\u0435\u043b\u0430\u043d\u0434\u0438\u044f<\/strong><\/p><ul class=\"margin\"><li><a href=\"https:\/\/www.jetstar.com\/au\/en\/home\" target=\"_blank\" rel=\"noopener noreferrer\">JetStar<\/a><\/li><li><a href=\"http:\/\/www.tigerair.com\/au\/en\/index.php\" target=\"_blank\" rel=\"noopener noreferrer\">Tiger Air -&gt; wegen COVID-19 nicht mehr operationell<\/a><\/li><\/ul><br>\r\n<p><em style=\"width: 100%\"><strong>Tipp 1:<\/strong> Wenn Du nicht weisst, welche Airlines von welchem Flughafen fliegen, besuche die Website des Abflughafens und schau welche Airlines von dort abfliegen.<\/em><\/p><br><strong>Tipp 2:<\/strong> Achten Sie auf \"versteckte\" Geb\u00fchren. Damit verdienen die Airlines ihr Geld! <br>Fluggesellschaften berechnen oft Geb\u00fchren f\u00fcr Gep\u00e4ck\/Handgep\u00e4ck, Carry-ons, Drucken der Bordkarte. Achte darauf, die Kosten des Tickets UND der Geb\u00fchren zu addieren, um sicherzustellen, dass der Preis niedriger als es bei einem gr\u00f6sseren Anbieter ist.<br><br> <\/div>\t\t\t\t<\/div>\n\t\t\t\t<\/div>\n\t\t\t\t\t<\/div>\n\t\t<\/div>\n\t\t\t\t\t<\/div>\n\t\t<\/section>\n\t\t\t\t<\/div>\n\t\t","protected":false},"excerpt":{"rendered":"","protected":false},"author":1,"featured_media":0,"parent":0,"menu_order":0,"comment_status":"closed","ping_status":"closed","template":"","meta":{"footnotes":""},"class_list":["post-2528","page","type-page","status-publish","hentry"],"_links":{"self":[{"href":"https:\/\/horisberger.blog\/index.php?rest_route=\/wp\/v2\/pages\/2528","targetHints":{"allow":["GET"]}}],"collection":[{"href":"https:\/\/horisberger.blog\/index.php?rest_route=\/wp\/v2\/pages"}],"about":[{"href":"https:\/\/horisberger.blog\/index.php?rest_route=\/wp\/v2\/types\/page"}],"author":[{"embeddable":true,"href":"https:\/\/horisberger.blog\/index.php?rest_route=\/wp\/v2\/users\/1"}],"replies":[{"embeddable":true,"href":"https:\/\/horisberger.blog\/index.php?rest_route=%2Fwp%2Fv2%2Fcomments&post=2528"}],"version-history":[{"count":16,"href":"https:\/\/horisberger.blog\/index.php?rest_route=\/wp\/v2\/pages\/2528\/revisions"}],"predecessor-version":[{"id":2581,"href":"https:\/\/horisberger.blog\/index.php?rest_route=\/wp\/v2\/pages\/2528\/revisions\/2581"}],"wp:attachment":[{"href":"https:\/\/horisberger.blog\/index.php?rest_route=%2Fwp%2Fv2%2Fmedia&parent=2528"}],"curies":[{"name":"wp","href":"https:\/\/api.w.org\/{rel}","templated":true}]}}