{"id":1940,"date":"2019-09-18T12:55:35","date_gmt":"2019-09-18T12:55:35","guid":{"rendered":"https:\/\/horisberger.blog\/?page_id=1940"},"modified":"2019-10-06T12:44:23","modified_gmt":"2019-10-06T12:44:23","slug":"blogeintraege","status":"publish","type":"page","link":"https:\/\/horisberger.blog\/?page_id=1940","title":{"rendered":"Blogeintr\u00e4ge"},"content":{"rendered":"\t\t<div data-elementor-type=\"wp-page\" data-elementor-id=\"1940\" class=\"elementor elementor-1940\" data-elementor-post-type=\"page\">\n\t\t\t\t\t\t<section class=\"elementor-section elementor-top-section elementor-element elementor-element-2c586b3 elementor-section-boxed elementor-section-height-default elementor-section-height-default\" data-id=\"2c586b3\" data-element_type=\"section\" data-e-type=\"section\">\n\t\t\t\t\t\t<div class=\"elementor-container elementor-column-gap-default\">\n\t\t\t\t\t<div class=\"elementor-column elementor-col-100 elementor-top-column elementor-element elementor-element-f29b3da\" data-id=\"f29b3da\" data-element_type=\"column\" data-e-type=\"column\">\n\t\t\t<div class=\"elementor-widget-wrap elementor-element-populated\">\n\t\t\t\t\t\t<div class=\"elementor-element elementor-element-b85e42c elementor-grid-2 elementor-grid-tablet-2 elementor-grid-mobile-1 elementor-posts--thumbnail-top elementor-posts--show-avatar elementor-card-shadow-yes elementor-posts__hover-gradient elementor-widget elementor-widget-posts\" data-id=\"b85e42c\" data-element_type=\"widget\" data-e-type=\"widget\" data-settings=\"{&quot;cards_columns&quot;:&quot;2&quot;,&quot;cards_columns_tablet&quot;:&quot;2&quot;,&quot;cards_columns_mobile&quot;:&quot;1&quot;,&quot;cards_row_gap&quot;:{&quot;unit&quot;:&quot;px&quot;,&quot;size&quot;:35,&quot;sizes&quot;:[]},&quot;cards_row_gap_tablet&quot;:{&quot;unit&quot;:&quot;px&quot;,&quot;size&quot;:&quot;&quot;,&quot;sizes&quot;:[]},&quot;cards_row_gap_mobile&quot;:{&quot;unit&quot;:&quot;px&quot;,&quot;size&quot;:&quot;&quot;,&quot;sizes&quot;:[]}}\" data-widget_type=\"posts.cards\">\n\t\t\t\t<div class=\"elementor-widget-container\">\n\t\t\t\t\t\t\t<div class=\"elementor-posts-container elementor-posts elementor-posts--skin-cards elementor-grid\" role=\"list\">\n\t\t\t\t<article class=\"elementor-post elementor-grid-item post-3040 post type-post status-publish format-standard hentry category-ekb\" role=\"listitem\">\n\t\t\t<div class=\"elementor-post__card\">\n\t\t\t\t<div class=\"elementor-post__text\">\n\t\t\t\t<h3 class=\"elementor-post__title\">\n\t\t\t<a href=\"https:\/\/horisberger.blog\/?p=3040\" >\n\t\t\t\t2022 &#8211; Ankunft Z\u00fcrich und Gep\u00e4ck!\t\t\t<\/a>\n\t\t<\/h3>\n\t\t\t\t<div class=\"elementor-post__excerpt\">\n\t\t\t<p>Gelandet in Z\u00fcrich- Bei der Gep\u00e4ckausgabe war mein Koffer zwar da und das auch noch als Erster, aber v\u00f6llig kaputt. Henkel und Rolle abgerissen. Habe einen Ersatzkoffer bekommen bei Lost &amp; Found. Toller Service am Flughafen Z\u00fcrich und ohne grosse B\u00fcrokratie! Danke! \u00a0<\/p>\n\t\t<\/div>\n\t\t\n\t\t<a class=\"elementor-post__read-more\" href=\"https:\/\/horisberger.blog\/?p=3040\" aria-label=\"Mehr \u00fcber 2022 &#8211; Ankunft Z\u00fcrich und Gep\u00e4ck!\" tabindex=\"-1\" >\n\t\t\tLies mehr \u00bb\t\t<\/a>\n\n\t\t\t\t<\/div>\n\t\t\t\t<div class=\"elementor-post__meta-data\">\n\t\t\t\t\t<span class=\"elementor-post-date\">\n\t\t\t13. Februar 2022\t\t<\/span>\n\t\t\t\t<span class=\"elementor-post-avatar\">\n\t\t\tKeine Kommentare\t\t<\/span>\n\t\t\t\t<\/div>\n\t\t\t\t\t<\/div>\n\t\t<\/article>\n\t\t\t\t<article class=\"elementor-post elementor-grid-item post-3036 post type-post status-publish format-standard hentry category-ekb\" role=\"listitem\">\n\t\t\t<div class=\"elementor-post__card\">\n\t\t\t\t<div class=\"elementor-post__text\">\n\t\t\t\t<h3 class=\"elementor-post__title\">\n\t\t\t<a href=\"https:\/\/horisberger.blog\/?p=3036\" >\n\t\t\t\t2022 &#8211; Currywurst&#8230;\t\t\t<\/a>\n\t\t<\/h3>\n\t\t\t\t<div class=\"elementor-post__excerpt\">\n\t\t\t<p>Einzige T&auml;tigkeit in Berlin dieses Mal: Currywurst essen!<\/p>\n\t\t<\/div>\n\t\t\n\t\t<a class=\"elementor-post__read-more\" href=\"https:\/\/horisberger.blog\/?p=3036\" aria-label=\"Mehr \u00fcber 2022 &#8211; Currywurst&#8230;\" tabindex=\"-1\" >\n\t\t\tLies mehr \u00bb\t\t<\/a>\n\n\t\t\t\t<\/div>\n\t\t\t\t<div class=\"elementor-post__meta-data\">\n\t\t\t\t\t<span class=\"elementor-post-date\">\n\t\t\t13. Februar 2022\t\t<\/span>\n\t\t\t\t<span class=\"elementor-post-avatar\">\n\t\t\tKeine Kommentare\t\t<\/span>\n\t\t\t\t<\/div>\n\t\t\t\t\t<\/div>\n\t\t<\/article>\n\t\t\t\t<article class=\"elementor-post elementor-grid-item post-3032 post type-post status-publish format-standard hentry category-ekb\" role=\"listitem\">\n\t\t\t<div class=\"elementor-post__card\">\n\t\t\t\t<div class=\"elementor-post__text\">\n\t\t\t\t<h3 class=\"elementor-post__title\">\n\t\t\t<a href=\"https:\/\/horisberger.blog\/?p=3032\" >\n\t\t\t\t2022 &#8211; unterwegs nach Berlin\t\t\t<\/a>\n\t\t<\/h3>\n\t\t\t\t<div class=\"elementor-post__excerpt\">\n\t\t\t<p>Im Flugzeug Airbus A320 Sharklets Sitz 28A. Ab Gate 128. Auf dem Weg nach Berlin.<\/p>\n\t\t<\/div>\n\t\t\n\t\t<a class=\"elementor-post__read-more\" href=\"https:\/\/horisberger.blog\/?p=3032\" aria-label=\"Mehr \u00fcber 2022 &#8211; unterwegs nach Berlin\" tabindex=\"-1\" >\n\t\t\tLies mehr \u00bb\t\t<\/a>\n\n\t\t\t\t<\/div>\n\t\t\t\t<div class=\"elementor-post__meta-data\">\n\t\t\t\t\t<span class=\"elementor-post-date\">\n\t\t\t13. Februar 2022\t\t<\/span>\n\t\t\t\t<span class=\"elementor-post-avatar\">\n\t\t\tKeine Kommentare\t\t<\/span>\n\t\t\t\t<\/div>\n\t\t\t\t\t<\/div>\n\t\t<\/article>\n\t\t\t\t<article class=\"elementor-post elementor-grid-item post-3027 post type-post status-publish format-standard hentry category-ekb\" role=\"listitem\">\n\t\t\t<div class=\"elementor-post__card\">\n\t\t\t\t<div class=\"elementor-post__text\">\n\t\t\t\t<h3 class=\"elementor-post__title\">\n\t\t\t<a href=\"https:\/\/horisberger.blog\/?p=3027\" >\n\t\t\t\t2022 &#8211; Flug verpasst in Moskau\t\t\t<\/a>\n\t\t<\/h3>\n\t\t\t\t<div class=\"elementor-post__excerpt\">\n\t\t\t<p>Flug verpasst in Moskau da wir in Jekaterinburg mit grosser Versp\u00e4tung abgeflogen sind. Jetzt muss ich via Berlin BER nach Z\u00fcrich fliegen. Nun ja, das Gep\u00e4ck sollte bis Z\u00fcrich durchgecheckt sein und ich war noch nie im BER. Wir werden sehen&#8230; Jetzt einen Amerikano<\/p>\n\t\t<\/div>\n\t\t\n\t\t<a class=\"elementor-post__read-more\" href=\"https:\/\/horisberger.blog\/?p=3027\" aria-label=\"Mehr \u00fcber 2022 &#8211; Flug verpasst in Moskau\" tabindex=\"-1\" >\n\t\t\tLies mehr \u00bb\t\t<\/a>\n\n\t\t\t\t<\/div>\n\t\t\t\t<div class=\"elementor-post__meta-data\">\n\t\t\t\t\t<span class=\"elementor-post-date\">\n\t\t\t13. Februar 2022\t\t<\/span>\n\t\t\t\t<span class=\"elementor-post-avatar\">\n\t\t\tKeine Kommentare\t\t<\/span>\n\t\t\t\t<\/div>\n\t\t\t\t\t<\/div>\n\t\t<\/article>\n\t\t\t\t<\/div>\n\t\t\n\t\t\t\t\t\t<\/div>\n\t\t\t\t<\/div>\n\t\t\t\t\t<\/div>\n\t\t<\/div>\n\t\t\t\t\t<\/div>\n\t\t<\/section>\n\t\t\t\t<\/div>\n\t\t","protected":false},"excerpt":{"rendered":"","protected":false},"author":1,"featured_media":0,"parent":0,"menu_order":15,"comment_status":"closed","ping_status":"closed","template":"","meta":{"footnotes":""},"class_list":["post-1940","page","type-page","status-publish","hentry"],"_links":{"self":[{"href":"https:\/\/horisberger.blog\/index.php?rest_route=\/wp\/v2\/pages\/1940","targetHints":{"allow":["GET"]}}],"collection":[{"href":"https:\/\/horisberger.blog\/index.php?rest_route=\/wp\/v2\/pages"}],"about":[{"href":"https:\/\/horisberger.blog\/index.php?rest_route=\/wp\/v2\/types\/page"}],"author":[{"embeddable":true,"href":"https:\/\/horisberger.blog\/index.php?rest_route=\/wp\/v2\/users\/1"}],"replies":[{"embeddable":true,"href":"https:\/\/horisberger.blog\/index.php?rest_route=%2Fwp%2Fv2%2Fcomments&post=1940"}],"version-history":[{"count":10,"href":"https:\/\/horisberger.blog\/index.php?rest_route=\/wp\/v2\/pages\/1940\/revisions"}],"predecessor-version":[{"id":1965,"href":"https:\/\/horisberger.blog\/index.php?rest_route=\/wp\/v2\/pages\/1940\/revisions\/1965"}],"wp:attachment":[{"href":"https:\/\/horisberger.blog\/index.php?rest_route=%2Fwp%2Fv2%2Fmedia&parent=1940"}],"curies":[{"name":"wp","href":"https:\/\/api.w.org\/{rel}","templated":true}]}}